{"id":2890,"date":"2022-12-19T19:01:13","date_gmt":"2022-12-19T18:01:13","guid":{"rendered":"http:\/\/lasenia.cat\/web\/?page_id=2890"},"modified":"2022-12-19T19:01:13","modified_gmt":"2022-12-19T18:01:13","slug":"turisme-cultural-2","status":"publish","type":"page","link":"https:\/\/lasenia.cat\/web\/turisme-cultural-2\/","title":{"rendered":"Turisme cultural"},"content":{"rendered":"\n<p>A la S\u00e9nia tamb\u00e9 hi destaquen diversos atractius culturals, elements patrimonials hist\u00f2rics que caracteritzen la nostra poblaci\u00f3 convertint-la en una de les m\u00e9s interessants del territori.<\/p>\n\n\n\n<p>El <strong>conjunt patrimonial que conforma el Camp d\u2019Aviaci\u00f3 de la S\u00e9nia<\/strong> s\u00f3n espais de visita obligada contextualitzats en l\u2019\u00e8poca de la guerra civil espanyola.<\/p>\n\n\n\n<p>La <strong>zona medieval (nucli antic)<\/strong> on, a m\u00e9s de l\u2019exist\u00e8ncia de construccions d\u2019inter\u00e8s, podem trobar miradors des d\u2019on es contemplen unes vistes espl\u00e8ndides.<\/p>\n\n\n\n<p>El <strong>Mol\u00ed la Vella<\/strong>, edifici situat a la vora del riu S\u00e9nia, amb m\u00e9s de 900 anys d\u2019hist\u00f2ria i recentment restaurat per destinar-lo a \u00fas municipal com a Centre d\u2019Interpretaci\u00f3.<\/p>\n","protected":false},"excerpt":{"rendered":"<p>A la S\u00e9nia tamb\u00e9 hi destaquen diversos atractius culturals, elements patrimonials hist\u00f2rics que caracteritzen la nostra poblaci\u00f3 convertint-la en una<\/p>\n","protected":false},"author":1,"featured_media":0,"parent":0,"menu_order":0,"comment_status":"closed","ping_status":"closed","template":"","meta":{"colormag_page_container_layout":"no_sidebar_full_width","colormag_page_sidebar_layout":"no_sidebar","footnotes":""},"class_list":["post-2890","page","type-page","status-publish","hentry"],"_links":{"self":[{"href":"https:\/\/lasenia.cat\/web\/wp-json\/wp\/v2\/pages\/2890","targetHints":{"allow":["GET"]}}],"collection":[{"href":"https:\/\/lasenia.cat\/web\/wp-json\/wp\/v2\/pages"}],"about":[{"href":"https:\/\/lasenia.cat\/web\/wp-json\/wp\/v2\/types\/page"}],"author":[{"embeddable":true,"href":"https:\/\/lasenia.cat\/web\/wp-json\/wp\/v2\/users\/1"}],"replies":[{"embeddable":true,"href":"https:\/\/lasenia.cat\/web\/wp-json\/wp\/v2\/comments?post=2890"}],"version-history":[{"count":1,"href":"https:\/\/lasenia.cat\/web\/wp-json\/wp\/v2\/pages\/2890\/revisions"}],"predecessor-version":[{"id":2891,"href":"https:\/\/lasenia.cat\/web\/wp-json\/wp\/v2\/pages\/2890\/revisions\/2891"}],"wp:attachment":[{"href":"https:\/\/lasenia.cat\/web\/wp-json\/wp\/v2\/media?parent=2890"}],"curies":[{"name":"wp","href":"https:\/\/api.w.org\/{rel}","templated":true}]}}