{"id":2712,"date":"2022-11-09T17:11:17","date_gmt":"2022-11-09T16:11:17","guid":{"rendered":"http:\/\/lasenia.cat\/web\/?page_id=2712"},"modified":"2022-11-09T17:14:40","modified_gmt":"2022-11-09T16:14:40","slug":"certamenliterari","status":"publish","type":"page","link":"https:\/\/lasenia.cat\/web\/certamenliterari\/","title":{"rendered":"Certamen literari Vila de la S\u00e9nia"},"content":{"rendered":"\n<p>L&#8217;Ajuntament de la S\u00e9nia organitza el Certamen Literari Vila de la S\u00e9nia amb l&#8217;objectiu de promoure i estimular la creaci\u00f3 d&#8217;obres de qualitat liter\u00e0ria en les modalitats de narrativa, poesia i relat curt per autors locals.<\/p>\n\n\n\n<figure class=\"wp-block-gallery columns-1 is-cropped wp-block-gallery-1 is-layout-flex wp-block-gallery-is-layout-flex\"><ul class=\"blocks-gallery-grid\"><li class=\"blocks-gallery-item\"><figure><img loading=\"lazy\" decoding=\"async\" width=\"625\" height=\"1024\" src=\"https:\/\/lasenia.cat\/web\/wp-content\/uploads\/2022\/11\/WhatsApp-Image-2022-11-09-at-12.17.37-625x1024.jpeg\" alt=\"\" data-id=\"2713\" data-full-url=\"https:\/\/lasenia.cat\/web\/wp-content\/uploads\/2022\/11\/WhatsApp-Image-2022-11-09-at-12.17.37.jpeg\" data-link=\"https:\/\/lasenia.cat\/web\/certamen-literari-vila-de-la-senia\/whatsapp-image-2022-11-09-at-12-17-37\/\" class=\"wp-image-2713\" srcset=\"https:\/\/lasenia.cat\/web\/wp-content\/uploads\/2022\/11\/WhatsApp-Image-2022-11-09-at-12.17.37-625x1024.jpeg 625w, https:\/\/lasenia.cat\/web\/wp-content\/uploads\/2022\/11\/WhatsApp-Image-2022-11-09-at-12.17.37-183x300.jpeg 183w, https:\/\/lasenia.cat\/web\/wp-content\/uploads\/2022\/11\/WhatsApp-Image-2022-11-09-at-12.17.37-768x1259.jpeg 768w, https:\/\/lasenia.cat\/web\/wp-content\/uploads\/2022\/11\/WhatsApp-Image-2022-11-09-at-12.17.37.jpeg 781w\" sizes=\"auto, (max-width: 625px) 100vw, 625px\" \/><\/figure><\/li><\/ul><\/figure>\n\n\n\n<p>Teniu les bases de participaci\u00f3 al document de m\u00e9s avall.<\/p>\n\n\n\n<div data-wp-interactive=\"core\/file\" class=\"wp-block-file\"><object data-wp-bind--hidden=\"!state.hasPdfPreview\" hidden class=\"wp-block-file__embed\" data=\"https:\/\/lasenia.cat\/web\/wp-content\/uploads\/2022\/11\/Bases-Premi-Literari_laSenia.pdf\" type=\"application\/pdf\" style=\"width:100%;height:600px\" aria-label=\"Incrustaci\u00f3 del fitxer Incrustaci\u00f3 del fitxer Bases Premi Literari_laSenia..\"><\/object><a href=\"https:\/\/lasenia.cat\/web\/wp-content\/uploads\/2022\/11\/Bases-Premi-Literari_laSenia.pdf\">Bases Premi Literari_laSenia<\/a><a href=\"https:\/\/lasenia.cat\/web\/wp-content\/uploads\/2022\/11\/Bases-Premi-Literari_laSenia.pdf\" class=\"wp-block-file__button\" download>Baixa<\/a><\/div>\n","protected":false},"excerpt":{"rendered":"<p>L&#8217;Ajuntament de la S\u00e9nia organitza el Certamen Literari Vila de la S\u00e9nia amb l&#8217;objectiu de promoure i estimular la creaci\u00f3<\/p>\n","protected":false},"author":1,"featured_media":2713,"parent":0,"menu_order":0,"comment_status":"closed","ping_status":"closed","template":"","meta":{"colormag_page_container_layout":"no_sidebar_full_width","colormag_page_sidebar_layout":"no_sidebar","footnotes":""},"class_list":["post-2712","page","type-page","status-publish","has-post-thumbnail","hentry"],"_links":{"self":[{"href":"https:\/\/lasenia.cat\/web\/wp-json\/wp\/v2\/pages\/2712","targetHints":{"allow":["GET"]}}],"collection":[{"href":"https:\/\/lasenia.cat\/web\/wp-json\/wp\/v2\/pages"}],"about":[{"href":"https:\/\/lasenia.cat\/web\/wp-json\/wp\/v2\/types\/page"}],"author":[{"embeddable":true,"href":"https:\/\/lasenia.cat\/web\/wp-json\/wp\/v2\/users\/1"}],"replies":[{"embeddable":true,"href":"https:\/\/lasenia.cat\/web\/wp-json\/wp\/v2\/comments?post=2712"}],"version-history":[{"count":2,"href":"https:\/\/lasenia.cat\/web\/wp-json\/wp\/v2\/pages\/2712\/revisions"}],"predecessor-version":[{"id":2715,"href":"https:\/\/lasenia.cat\/web\/wp-json\/wp\/v2\/pages\/2712\/revisions\/2715"}],"wp:featuredmedia":[{"embeddable":true,"href":"https:\/\/lasenia.cat\/web\/wp-json\/wp\/v2\/media\/2713"}],"wp:attachment":[{"href":"https:\/\/lasenia.cat\/web\/wp-json\/wp\/v2\/media?parent=2712"}],"curies":[{"name":"wp","href":"https:\/\/api.w.org\/{rel}","templated":true}]}}