{"id":2668,"date":"2022-11-07T19:42:19","date_gmt":"2022-11-07T18:42:19","guid":{"rendered":"http:\/\/lasenia.cat\/web\/?page_id=2668"},"modified":"2022-12-07T19:41:50","modified_gmt":"2022-12-07T18:41:50","slug":"turisme-de-natura","status":"publish","type":"page","link":"https:\/\/lasenia.cat\/web\/turisme-de-natura\/","title":{"rendered":"Turisme de natura"},"content":{"rendered":"\n<p>Ens trobem en un entorn magn\u00edfic i carregat de possibilitats, del qual destaquem tres grans atractius naturals.<\/p>\n\n\n\n<p>El <a href=\"https:\/\/parcsnaturals.gencat.cat\/ca\/xarxa-de-parcs\/ports\/inici\/\"><strong>Parc Natural dels Ports<\/strong><\/a>, un espai natural ins\u00f2lit que alberga una gran varietat d\u2019itineraris pensats per a fer en fam\u00edlia o per practicar diferents modalitats esportives, un indret captivador que us resultar\u00e0 atractiu en tots els sentits.<\/p>\n\n\n\n<p>El <strong>riu S\u00e9nia<\/strong>, un dels elements m\u00e9s representatius de la demarcaci\u00f3 que constitueix el nexe d\u2019uni\u00f3 entre Catalunya i el Pa\u00eds Valenci\u00e0, amb diversos recorreguts per passejar c\u00f2modament i contemplar uns paratges espectaculars.<\/p>\n\n\n\n<p>D\u2019<strong>oliveres mil\u00b7len\u00e0ries<\/strong> podem observar-ne alguns exemplars als vilars de la plana senienca. S\u00f3n arbres majestuosos, alguns d\u2019ells declarats monumentals, que compleixen els requisits d\u2019un m\u00ednim de 3,5 metres de per\u00edmetre de tronc a una altura d\u20191,3 metres del terra.<\/p>\n","protected":false},"excerpt":{"rendered":"<p>Ens trobem en un entorn magn\u00edfic i carregat de possibilitats, del qual destaquem tres grans atractius naturals. El Parc Natural<\/p>\n","protected":false},"author":1,"featured_media":0,"parent":0,"menu_order":0,"comment_status":"closed","ping_status":"closed","template":"","meta":{"colormag_page_container_layout":"default_layout","colormag_page_sidebar_layout":"default_layout","footnotes":""},"class_list":["post-2668","page","type-page","status-publish","hentry"],"_links":{"self":[{"href":"https:\/\/lasenia.cat\/web\/wp-json\/wp\/v2\/pages\/2668","targetHints":{"allow":["GET"]}}],"collection":[{"href":"https:\/\/lasenia.cat\/web\/wp-json\/wp\/v2\/pages"}],"about":[{"href":"https:\/\/lasenia.cat\/web\/wp-json\/wp\/v2\/types\/page"}],"author":[{"embeddable":true,"href":"https:\/\/lasenia.cat\/web\/wp-json\/wp\/v2\/users\/1"}],"replies":[{"embeddable":true,"href":"https:\/\/lasenia.cat\/web\/wp-json\/wp\/v2\/comments?post=2668"}],"version-history":[{"count":2,"href":"https:\/\/lasenia.cat\/web\/wp-json\/wp\/v2\/pages\/2668\/revisions"}],"predecessor-version":[{"id":2834,"href":"https:\/\/lasenia.cat\/web\/wp-json\/wp\/v2\/pages\/2668\/revisions\/2834"}],"wp:attachment":[{"href":"https:\/\/lasenia.cat\/web\/wp-json\/wp\/v2\/media?parent=2668"}],"curies":[{"name":"wp","href":"https:\/\/api.w.org\/{rel}","templated":true}]}}