{"id":2505,"date":"2022-10-26T06:35:51","date_gmt":"2022-10-26T05:35:51","guid":{"rendered":"https:\/\/lasenia.cat\/web\/?page_id=2505"},"modified":"2026-02-27T08:42:46","modified_gmt":"2026-02-27T07:42:46","slug":"borsa-de-treball-dadministratius-ves-de-gestio","status":"publish","type":"page","link":"https:\/\/lasenia.cat\/web\/borsa-de-treball-dadministratius-ves-de-gestio\/","title":{"rendered":"Borsa de treball d&#8217;administratius\/ves de gesti\u00f3"},"content":{"rendered":"\n<p><\/p>\n\n\n\n<figure class=\"wp-block-table\"><table><tbody><tr><td class=\"has-text-align-center\" data-align=\"center\"><strong>Grup<\/strong><\/td><td class=\"has-text-align-center\" data-align=\"center\"><strong>Tipus de procediment<\/strong><\/td><td class=\"has-text-align-center\" data-align=\"center\"><strong>Perfil<\/strong><\/td><td class=\"has-text-align-center\" data-align=\"center\"><strong>N\u00famero de places<\/strong><\/td><td class=\"has-text-align-center\" data-align=\"center\"><strong>Data BOPT<\/strong><\/td><td class=\"has-text-align-center\" data-align=\"center\"><strong>Data DOGC<\/strong><\/td><\/tr><tr><td class=\"has-text-align-center\" data-align=\"center\">C1<\/td><td class=\"has-text-align-center\" data-align=\"center\">Concurs oposici\u00f3<\/td><td class=\"has-text-align-center\" data-align=\"center\">Funcionari inter\u00ed<\/td><td class=\"has-text-align-center\" data-align=\"center\">Borsa<\/td><td class=\"has-text-align-center\" data-align=\"center\">26.10.2022<\/td><td class=\"has-text-align-center\" data-align=\"center\">04.11.2022<\/td><\/tr><\/tbody><\/table><\/figure>\n\n\n\n<p class=\"has-text-color has-link-color wp-elements-968f53fa14a33358d612223c3b451c73\" style=\"color:#a50909\"><strong>BORSA NO VIGENT<\/strong><\/p>\n\n\n\n<figure class=\"wp-block-table is-style-stripes\"><table><tbody><tr><td class=\"has-text-align-left\" data-align=\"left\"><a href=\"https:\/\/www.diputaciodetarragona.cat\/ebop\/index.php?op=anunci&amp;id=9658&amp;ebop_any=2022\" data-type=\"URL\" data-id=\"https:\/\/www.diputaciodetarragona.cat\/ebop\/index.php?op=anunci&amp;id=9658&amp;ebop_any=2022\" target=\"_blank\" rel=\"noreferrer noopener\">Anunci bases i convocat\u00f2ria (BOPT)<\/a><\/td><\/tr><tr><td class=\"has-text-align-left\" data-align=\"left\"><a href=\"https:\/\/dogc.gencat.cat\/ca\/document-del-dogc\/?documentId=941679\" data-type=\"URL\" data-id=\"https:\/\/dogc.gencat.cat\/ca\/document-del-dogc\/?documentId=941679\" target=\"_blank\" rel=\"noreferrer noopener\">Anunci DOGC<\/a><\/td><\/tr><tr><td class=\"has-text-align-left\" data-align=\"left\"><a href=\"https:\/\/lasenia.eadministracio.cat\/board\" data-type=\"URL\" data-id=\"https:\/\/lasenia.eadministracio.cat\/board\" target=\"_blank\" rel=\"noreferrer noopener\">Anunci llista provisional de persones admeses i excloses<\/a><\/td><\/tr><tr><td class=\"has-text-align-left\" data-align=\"left\"><a href=\"https:\/\/lasenia.cat\/web\/wp-content\/uploads\/2023\/01\/Anunci-llista-definitiva-admesos-i-exclosos-tribunal-i-calendari-Borsa-administratius-de-gestio.pdf\" data-type=\"URL\" data-id=\"https:\/\/lasenia.cat\/web\/wp-content\/uploads\/2023\/01\/Anunci-llista-definitiva-admesos-i-exclosos-tribunal-i-calendari-Borsa-administratius-de-gestio.pdf\" target=\"_blank\" rel=\"noreferrer noopener\">Anunci llista definitiva de persones admeses i excloses, membres del tribunal i data de les proves <\/a><\/td><\/tr><tr><td class=\"has-text-align-left\" data-align=\"left\"><a href=\"https:\/\/lasenia.cat\/web\/wp-content\/uploads\/2023\/01\/Resulltat-prova-catala.pdf\" data-type=\"URL\" data-id=\"https:\/\/lasenia.cat\/web\/wp-content\/uploads\/2023\/01\/Resulltat-prova-catala.pdf\" target=\"_blank\" rel=\"noreferrer noopener\">Resultat prova coneixements llengua catalana<\/a><\/td><\/tr><tr><td class=\"has-text-align-left\" data-align=\"left\"><a href=\"https:\/\/lasenia.cat\/web\/wp-content\/uploads\/2023\/01\/Resultat-prova-teorica.pdf\" data-type=\"URL\" data-id=\"https:\/\/lasenia.cat\/web\/wp-content\/uploads\/2023\/01\/Resultat-prova-teorica.pdf\" target=\"_blank\" rel=\"noreferrer noopener\">Resultat exercici te\u00f2ric<\/a><\/td><\/tr><tr><td class=\"has-text-align-left\" data-align=\"left\"><a href=\"https:\/\/lasenia.cat\/web\/wp-content\/uploads\/2023\/01\/Resultat-prova-practica.pdf\" data-type=\"URL\" data-id=\"https:\/\/lasenia.cat\/web\/wp-content\/uploads\/2023\/01\/Resultat-prova-practica.pdf\" target=\"_blank\" rel=\"noreferrer noopener\">Resultat exercici pr\u00e0ctic<\/a><\/td><\/tr><tr><td class=\"has-text-align-left\" data-align=\"left\"><a href=\"https:\/\/lasenia.cat\/web\/wp-content\/uploads\/2023\/01\/04.-Resultat-entrevista.pdf\" data-type=\"URL\" data-id=\"https:\/\/lasenia.cat\/web\/wp-content\/uploads\/2023\/01\/04.-Resultat-entrevista.pdf\" target=\"_blank\" rel=\"noreferrer noopener\">Resultat entrevista<\/a><\/td><\/tr><tr><td class=\"has-text-align-left\" data-align=\"left\"><a href=\"https:\/\/lasenia.cat\/web\/wp-content\/uploads\/2023\/01\/05.-Resultat-merits.pdf\" data-type=\"URL\" data-id=\"https:\/\/lasenia.cat\/web\/wp-content\/uploads\/2023\/01\/05.-Resultat-merits.pdf\" target=\"_blank\" rel=\"noreferrer noopener\">Resultat m\u00e8rits<\/a><\/td><\/tr><tr><td class=\"has-text-align-left\" data-align=\"left\"><a href=\"https:\/\/lasenia.cat\/web\/wp-content\/uploads\/2023\/01\/Resultat-final-del-proces-de-seleccio.pdf\" data-type=\"URL\" data-id=\"https:\/\/lasenia.cat\/web\/wp-content\/uploads\/2023\/01\/Resultat-final-del-proces-de-seleccio.pdf\" target=\"_blank\" rel=\"noreferrer noopener\">Resultat proc\u00e9s de selecci\u00f3<\/a><\/td><\/tr><tr><td class=\"has-text-align-left\" data-align=\"left\"><a href=\"https:\/\/lasenia.cat\/web\/wp-content\/uploads\/2023\/01\/ANUNCI-Constitucio-de-la-borsa-administratius_ves-de-gestio.pdf\" data-type=\"URL\" data-id=\"https:\/\/lasenia.cat\/web\/wp-content\/uploads\/2023\/01\/ANUNCI-Constitucio-de-la-borsa-administratius_ves-de-gestio.pdf\" target=\"_blank\" rel=\"noreferrer noopener\">Anunci constituci\u00f3 borsa de treball d&#8217;administratius\/ves de gesti\u00f3<\/a><\/td><\/tr><tr><td class=\"has-text-align-left\" data-align=\"left\"><a href=\"https:\/\/lasenia.cat\/web\/wp-content\/uploads\/2023\/02\/ANUNCI_Modificacio_borsa_admin.pdf\" data-type=\"URL\" data-id=\"https:\/\/lasenia.cat\/web\/wp-content\/uploads\/2023\/02\/ANUNCI_Modificacio_borsa_admin.pdf\" target=\"_blank\" rel=\"noreferrer noopener\">Anunci modificaci\u00f3 borsa de treball d&#8217;administratius\/ves de gesti\u00f3<\/a><\/td><\/tr><\/tbody><\/table><\/figure>\n\n\n\n<p><\/p>\n","protected":false},"excerpt":{"rendered":"<p>Grup Tipus de procediment Perfil N\u00famero de places Data BOPT Data DOGC C1 Concurs oposici\u00f3 Funcionari inter\u00ed Borsa 26.10.2022 04.11.2022<\/p>\n","protected":false},"author":1,"featured_media":0,"parent":0,"menu_order":0,"comment_status":"closed","ping_status":"closed","template":"","meta":{"colormag_page_container_layout":"default_layout","colormag_page_sidebar_layout":"default_layout","footnotes":""},"class_list":["post-2505","page","type-page","status-publish","hentry"],"_links":{"self":[{"href":"https:\/\/lasenia.cat\/web\/wp-json\/wp\/v2\/pages\/2505","targetHints":{"allow":["GET"]}}],"collection":[{"href":"https:\/\/lasenia.cat\/web\/wp-json\/wp\/v2\/pages"}],"about":[{"href":"https:\/\/lasenia.cat\/web\/wp-json\/wp\/v2\/types\/page"}],"author":[{"embeddable":true,"href":"https:\/\/lasenia.cat\/web\/wp-json\/wp\/v2\/users\/1"}],"replies":[{"embeddable":true,"href":"https:\/\/lasenia.cat\/web\/wp-json\/wp\/v2\/comments?post=2505"}],"version-history":[{"count":26,"href":"https:\/\/lasenia.cat\/web\/wp-json\/wp\/v2\/pages\/2505\/revisions"}],"predecessor-version":[{"id":8606,"href":"https:\/\/lasenia.cat\/web\/wp-json\/wp\/v2\/pages\/2505\/revisions\/8606"}],"wp:attachment":[{"href":"https:\/\/lasenia.cat\/web\/wp-json\/wp\/v2\/media?parent=2505"}],"curies":[{"name":"wp","href":"https:\/\/api.w.org\/{rel}","templated":true}]}}