{"id":2370,"date":"2022-10-03T09:19:43","date_gmt":"2022-10-03T08:19:43","guid":{"rendered":"https:\/\/lasenia.cat\/web\/?page_id=2370"},"modified":"2024-04-30T08:26:06","modified_gmt":"2024-04-30T07:26:06","slug":"operari-a-de-neteja-openet01","status":"publish","type":"page","link":"https:\/\/lasenia.cat\/web\/operari-a-de-neteja-openet01\/","title":{"rendered":"Operari\/a de neteja (OPENET01)"},"content":{"rendered":"\n<p><\/p>\n\n\n\n<figure class=\"wp-block-table\"><table><tbody><tr><td class=\"has-text-align-center\" data-align=\"center\"><strong>Grup<\/strong><\/td><td class=\"has-text-align-center\" data-align=\"center\"><strong>Tipus de procediment<\/strong><\/td><td class=\"has-text-align-center\" data-align=\"center\"><strong>Perfil<\/strong><\/td><td class=\"has-text-align-center\" data-align=\"center\"><strong>N\u00famero de places<\/strong><\/td><td class=\"has-text-align-center\" data-align=\"center\"><strong>Data BOPT<\/strong><\/td><td class=\"has-text-align-center\" data-align=\"center\"><strong>Data DOGC<\/strong><\/td><\/tr><tr><td class=\"has-text-align-center\" data-align=\"center\">C2<\/td><td class=\"has-text-align-center\" data-align=\"center\">Concurs de m\u00e8rits<\/td><td class=\"has-text-align-center\" data-align=\"center\">Laboral<\/td><td class=\"has-text-align-center\" data-align=\"center\">1<\/td><td class=\"has-text-align-center\" data-align=\"center\">03.10.2022<\/td><td class=\"has-text-align-center\" data-align=\"center\">24.01.2024<\/td><\/tr><\/tbody><\/table><\/figure>\n\n\n\n<figure class=\"wp-block-table is-style-stripes\"><table><tbody><tr><td class=\"has-text-align-left\" data-align=\"left\"><a href=\"https:\/\/www.diputaciodetarragona.cat\/ebop\/index.php?op=anunci&amp;id=8820&amp;ebop_any=2022\" data-type=\"URL\" data-id=\"https:\/\/www.diputaciodetarragona.cat\/ebop\/index.php?op=anunci&amp;id=8820&amp;ebop_any=2022\" target=\"_blank\" rel=\"noreferrer noopener\">Anunci bases i convocat\u00f2ria BOPT<\/a><\/td><\/tr><tr><td class=\"has-text-align-left\" data-align=\"left\"><a href=\"https:\/\/dogc.gencat.cat\/ca\/document-del-dogc\/index.html?documentId=976734\" data-type=\"link\" data-id=\"https:\/\/dogc.gencat.cat\/ca\/document-del-dogc\/index.html?documentId=976734\" target=\"_blank\" rel=\"noreferrer noopener\">Anunci DOGC<\/a><\/td><\/tr><tr><td class=\"has-text-align-left\" data-align=\"left\"><a href=\"https:\/\/lasenia.cat\/web\/wp-content\/uploads\/2024\/02\/ANUNCI_-Llista_provisional_OPENET01.pdf\" data-type=\"link\" data-id=\"https:\/\/lasenia.cat\/web\/wp-content\/uploads\/2024\/02\/ANUNCI_-Llista_provisional_OPENET01.pdf\" target=\"_blank\" rel=\"noreferrer noopener\">Anunci llista provisional de persones admeses i excloses<\/a><\/td><\/tr><tr><td class=\"has-text-align-left\" data-align=\"left\"><a href=\"https:\/\/lasenia.cat\/web\/wp-content\/uploads\/2024\/03\/ANUNCI_Llista_definitiva_OPENET01.pdf\" data-type=\"link\" data-id=\"https:\/\/lasenia.cat\/web\/wp-content\/uploads\/2024\/03\/ANUNCI_Llista_definitiva_OPENET01.pdf\">Anunci llista definitiva de persones <\/a><a href=\"https:\/\/lasenia.cat\/web\/wp-content\/uploads\/2024\/03\/ANUNCI_Llista_definitiva_OPENET01.pdf\" data-type=\"link\" data-id=\"https:\/\/lasenia.cat\/web\/wp-content\/uploads\/2024\/03\/ANUNCI_Llista_definitiva_OPENET01.pdf\" target=\"_blank\" rel=\"noreferrer noopener\">admeses<\/a><a href=\"https:\/\/lasenia.cat\/web\/wp-content\/uploads\/2024\/03\/ANUNCI_Llista_definitiva_OPENET01.pdf\" data-type=\"link\" data-id=\"https:\/\/lasenia.cat\/web\/wp-content\/uploads\/2024\/03\/ANUNCI_Llista_definitiva_OPENET01.pdf\"> i excloses <\/a><\/td><\/tr><tr><td class=\"has-text-align-left\" data-align=\"left\"><a href=\"https:\/\/lasenia.cat\/web\/wp-content\/uploads\/2024\/04\/CAT_OPENET.pdf\" data-type=\"link\" data-id=\"https:\/\/lasenia.cat\/web\/wp-content\/uploads\/2024\/04\/CAT_OPENET.pdf\" target=\"_blank\" rel=\"noreferrer noopener\">Anunci Resultats prova de nivell de llengua catalana<\/a><\/td><\/tr><tr><td class=\"has-text-align-left\" data-align=\"left\"><a href=\"https:\/\/lasenia.cat\/web\/wp-content\/uploads\/2024\/04\/Resultat_OPENET.pdf\" data-type=\"link\" data-id=\"https:\/\/lasenia.cat\/web\/wp-content\/uploads\/2024\/04\/Resultat_OPENET.pdf\" target=\"_blank\" rel=\"noreferrer noopener\">Anunci Resultat del proc\u00e9s de selecci\u00f3<\/a><\/td><\/tr><tr><td class=\"has-text-align-left\" data-align=\"left\"><a href=\"https:\/\/lasenia.cat\/web\/wp-content\/uploads\/2024\/04\/Rectifica_anunci_OPENET01.pdf\" data-type=\"link\" data-id=\"https:\/\/lasenia.cat\/web\/wp-content\/uploads\/2024\/04\/Rectifica_anunci_OPENET01.pdf\" target=\"_blank\" rel=\"noreferrer noopener\">Anunci Rectificaci\u00f3 error en l&#8217;anunci del resultat del proc\u00e9s de selecci\u00f3<\/a><\/td><\/tr><tr><td class=\"has-text-align-left\" data-align=\"left\"><a href=\"https:\/\/www.diputaciodetarragona.cat\/ebop\/index.php?op=anunci&amp;id=3950&amp;ebop_any=2024\" target=\"_blank\" rel=\"noreferrer noopener\">Nomenament<\/a><\/td><\/tr><\/tbody><\/table><\/figure>\n","protected":false},"excerpt":{"rendered":"<p>Grup Tipus de procediment Perfil N\u00famero de places Data BOPT Data DOGC C2 Concurs de m\u00e8rits Laboral 1 03.10.2022 24.01.2024<\/p>\n","protected":false},"author":3,"featured_media":0,"parent":0,"menu_order":0,"comment_status":"closed","ping_status":"closed","template":"","meta":{"colormag_page_container_layout":"default_layout","colormag_page_sidebar_layout":"default_layout","footnotes":""},"class_list":["post-2370","page","type-page","status-publish","hentry"],"_links":{"self":[{"href":"https:\/\/lasenia.cat\/web\/wp-json\/wp\/v2\/pages\/2370","targetHints":{"allow":["GET"]}}],"collection":[{"href":"https:\/\/lasenia.cat\/web\/wp-json\/wp\/v2\/pages"}],"about":[{"href":"https:\/\/lasenia.cat\/web\/wp-json\/wp\/v2\/types\/page"}],"author":[{"embeddable":true,"href":"https:\/\/lasenia.cat\/web\/wp-json\/wp\/v2\/users\/3"}],"replies":[{"embeddable":true,"href":"https:\/\/lasenia.cat\/web\/wp-json\/wp\/v2\/comments?post=2370"}],"version-history":[{"count":21,"href":"https:\/\/lasenia.cat\/web\/wp-json\/wp\/v2\/pages\/2370\/revisions"}],"predecessor-version":[{"id":5054,"href":"https:\/\/lasenia.cat\/web\/wp-json\/wp\/v2\/pages\/2370\/revisions\/5054"}],"wp:attachment":[{"href":"https:\/\/lasenia.cat\/web\/wp-json\/wp\/v2\/media?parent=2370"}],"curies":[{"name":"wp","href":"https:\/\/api.w.org\/{rel}","templated":true}]}}