{"id":2068,"date":"2022-10-03T09:19:06","date_gmt":"2022-10-03T08:19:06","guid":{"rendered":"https:\/\/lasenia.cat\/web\/?page_id=2068"},"modified":"2024-12-09T13:47:29","modified_gmt":"2024-12-09T12:47:29","slug":"oficial-fontaneria-ofifont01","status":"publish","type":"page","link":"https:\/\/lasenia.cat\/web\/oficial-fontaneria-ofifont01\/","title":{"rendered":"Oficial fontaneria (OFIFONT01)"},"content":{"rendered":"\n<p><\/p>\n\n\n\n<figure class=\"wp-block-table\"><table><tbody><tr><td class=\"has-text-align-center\" data-align=\"center\"><strong>Grup<\/strong><\/td><td class=\"has-text-align-center\" data-align=\"center\"><strong>Tipus de procediment<\/strong><\/td><td class=\"has-text-align-center\" data-align=\"center\"><strong>Perfil<\/strong><\/td><td class=\"has-text-align-center\" data-align=\"center\"><strong>N\u00famero de places<\/strong><\/td><td class=\"has-text-align-center\" data-align=\"center\"><strong>Data BOPT<\/strong><\/td><td class=\"has-text-align-center\" data-align=\"center\"><strong>Data DOGC<\/strong><\/td><\/tr><tr><td class=\"has-text-align-center\" data-align=\"center\">C2<\/td><td class=\"has-text-align-center\" data-align=\"center\">Concurs de m\u00e8rits<\/td><td class=\"has-text-align-center\" data-align=\"center\">Laboral<\/td><td class=\"has-text-align-center\" data-align=\"center\">1<\/td><td class=\"has-text-align-center\" data-align=\"center\">03.10.2022<\/td><td class=\"has-text-align-center\" data-align=\"center\">03.09.2024<\/td><\/tr><\/tbody><\/table><\/figure>\n\n\n\n<figure class=\"wp-block-table is-style-stripes\"><table class=\"has-text-color has-link-color\" style=\"color:#010101\"><tbody><tr><td class=\"has-text-align-left\" data-align=\"left\"><a href=\"https:\/\/www.diputaciodetarragona.cat\/ebop\/index.php?op=anunci&amp;id=8819&amp;ebop_any=2022\" data-type=\"URL\" data-id=\"https:\/\/www.diputaciodetarragona.cat\/ebop\/index.php?op=anunci&amp;id=8819&amp;ebop_any=2022\" target=\"_blank\" rel=\"noreferrer noopener\">Anunci bases i convocat\u00f2ria BOPT<\/a><\/td><\/tr><tr><td class=\"has-text-align-left\" data-align=\"left\"><a rel=\"noreferrer noopener\" href=\"https:\/\/www.diputaciodetarragona.cat\/ebop\/index.php?op=anunci&amp;id=5480&amp;ebop_any=2023\" data-type=\"URL\" data-id=\"https:\/\/www.diputaciodetarragona.cat\/ebop\/index.php?op=anunci&amp;id=5480&amp;ebop_any=2023\" target=\"_blank\">Anunci rectificaci\u00f3 bases convocat\u00f2ria (Nivell de catal\u00e0)<\/a><\/td><\/tr><tr><td class=\"has-text-align-left\" data-align=\"left\"><a href=\"https:\/\/dogc.gencat.cat\/ca\/document-del-dogc\/?documentId=993782\" data-type=\"link\" data-id=\"https:\/\/dogc.gencat.cat\/ca\/document-del-dogc\/?documentId=993782\" target=\"_blank\" rel=\"noreferrer noopener\">Anunci convocat\u00f2ria al DOGC<\/a><\/td><\/tr><tr><td class=\"has-text-align-left\" data-align=\"left\"><a href=\"https:\/\/lasenia.eadministracio.cat\/board\" data-type=\"link\" data-id=\"https:\/\/lasenia.eadministracio.cat\/board\" target=\"_blank\" rel=\"noreferrer noopener\">Llista provisional de persones admeses i excloses<\/a><\/td><\/tr><tr><td class=\"has-text-align-left\" data-align=\"left\"><a href=\"https:\/\/lasenia.eadministracio.cat\/board\" data-type=\"link\" data-id=\"https:\/\/lasenia.eadministracio.cat\/board\" target=\"_blank\" rel=\"noreferrer noopener\">Llista definitiva de persones admeses i excloses<\/a><\/td><\/tr><tr><td class=\"has-text-align-left\" data-align=\"left\"><a href=\"https:\/\/lasenia.cat\/web\/wp-content\/uploads\/2024\/10\/Anunci_resultat_ofifont_.pdf\" data-type=\"link\" data-id=\"https:\/\/lasenia.cat\/web\/wp-content\/uploads\/2024\/10\/Anunci_resultat_ofifont_.pdf\" target=\"_blank\" rel=\"noreferrer noopener\">Resultat provisional del proc\u00e9s de selecci\u00f3<\/a><\/td><\/tr><tr><td class=\"has-text-align-left\" data-align=\"left\"><a href=\"https:\/\/www.diputaciodetarragona.cat\/ebop\/index.php?op=anunci&amp;id=11514&amp;ebop_any=2024\" data-type=\"link\" data-id=\"https:\/\/www.diputaciodetarragona.cat\/ebop\/index.php?op=anunci&amp;id=11514&amp;ebop_any=2024\" target=\"_blank\" rel=\"noreferrer noopener\">Anunci de contractaci\u00f3 al BOPT<\/a> <\/td><\/tr><\/tbody><\/table><\/figure>\n","protected":false},"excerpt":{"rendered":"<p>Grup Tipus de procediment Perfil N\u00famero de places Data BOPT Data DOGC C2 Concurs de m\u00e8rits Laboral 1 03.10.2022 03.09.2024<\/p>\n","protected":false},"author":3,"featured_media":0,"parent":0,"menu_order":0,"comment_status":"closed","ping_status":"closed","template":"","meta":{"colormag_page_container_layout":"no_sidebar_full_width","colormag_page_sidebar_layout":"no_sidebar","footnotes":""},"class_list":["post-2068","page","type-page","status-publish","hentry"],"_links":{"self":[{"href":"https:\/\/lasenia.cat\/web\/wp-json\/wp\/v2\/pages\/2068","targetHints":{"allow":["GET"]}}],"collection":[{"href":"https:\/\/lasenia.cat\/web\/wp-json\/wp\/v2\/pages"}],"about":[{"href":"https:\/\/lasenia.cat\/web\/wp-json\/wp\/v2\/types\/page"}],"author":[{"embeddable":true,"href":"https:\/\/lasenia.cat\/web\/wp-json\/wp\/v2\/users\/3"}],"replies":[{"embeddable":true,"href":"https:\/\/lasenia.cat\/web\/wp-json\/wp\/v2\/comments?post=2068"}],"version-history":[{"count":28,"href":"https:\/\/lasenia.cat\/web\/wp-json\/wp\/v2\/pages\/2068\/revisions"}],"predecessor-version":[{"id":6200,"href":"https:\/\/lasenia.cat\/web\/wp-json\/wp\/v2\/pages\/2068\/revisions\/6200"}],"wp:attachment":[{"href":"https:\/\/lasenia.cat\/web\/wp-json\/wp\/v2\/media?parent=2068"}],"curies":[{"name":"wp","href":"https:\/\/api.w.org\/{rel}","templated":true}]}}