{"id":2056,"date":"2022-10-03T09:18:03","date_gmt":"2022-10-03T08:18:03","guid":{"rendered":"https:\/\/lasenia.cat\/web\/?page_id=2056"},"modified":"2024-08-02T07:04:12","modified_gmt":"2024-08-02T06:04:12","slug":"oficial-de-jardineria-ofijar01","status":"publish","type":"page","link":"https:\/\/lasenia.cat\/web\/oficial-de-jardineria-ofijar01\/","title":{"rendered":"Oficial de jardineria (OFIJAR01)"},"content":{"rendered":"\n<p><\/p>\n\n\n\n<figure class=\"wp-block-table is-style-stripes\"><table><tbody><tr><td class=\"has-text-align-center\" data-align=\"center\"><strong>Grup<\/strong><\/td><td class=\"has-text-align-center\" data-align=\"center\"><strong>Tipus de procediment<\/strong><\/td><td class=\"has-text-align-center\" data-align=\"center\"><strong>Perfil<\/strong><\/td><td class=\"has-text-align-center\" data-align=\"center\"><strong>N\u00famero de places<\/strong><\/td><td class=\"has-text-align-center\" data-align=\"center\"><strong>Data BOPT<\/strong><\/td><td class=\"has-text-align-center\" data-align=\"center\"><strong>Data DOGC<\/strong><\/td><\/tr><tr><td class=\"has-text-align-center\" data-align=\"center\">C2<\/td><td class=\"has-text-align-center\" data-align=\"center\">Concurs de m\u00e8rits<\/td><td class=\"has-text-align-center\" data-align=\"center\">Laboral<\/td><td class=\"has-text-align-center\" data-align=\"center\">1<\/td><td class=\"has-text-align-center\" data-align=\"center\">03.10.2022<\/td><td class=\"has-text-align-center\" data-align=\"center\">08.04.2024<\/td><\/tr><\/tbody><\/table><\/figure>\n\n\n\n<figure class=\"wp-block-table is-style-stripes\"><table><tbody><tr><td class=\"has-text-align-left\" data-align=\"left\"><a href=\"https:\/\/www.diputaciodetarragona.cat\/ebop\/index.php?op=anunci&amp;id=8823&amp;ebop_any=2022\" data-type=\"URL\" data-id=\"https:\/\/www.diputaciodetarragona.cat\/ebop\/index.php?op=anunci&amp;id=8823&amp;ebop_any=2022\" target=\"_blank\" rel=\"noreferrer noopener\">Anunci bases i convocat\u00f2ria BOPT<\/a><\/td><\/tr><tr><td class=\"has-text-align-left\" data-align=\"left\"><a rel=\"noreferrer noopener\" href=\"https:\/\/www.diputaciodetarragona.cat\/ebop\/index.php?op=anunci&amp;id=5480&amp;ebop_any=2023\" data-type=\"URL\" data-id=\"https:\/\/www.diputaciodetarragona.cat\/ebop\/index.php?op=anunci&amp;id=5480&amp;ebop_any=2023\" target=\"_blank\">Anunci rectificaci\u00f3 bases convocat\u00f2ria (Nivell de catal\u00e0)<\/a><\/td><\/tr><tr><td class=\"has-text-align-left\" data-align=\"left\"><a href=\"https:\/\/dogc.gencat.cat\/ca\/document-del-dogc\/?documentId=982647\" data-type=\"link\" data-id=\"https:\/\/dogc.gencat.cat\/ca\/document-del-dogc\/?documentId=982647\">Anunci DOGC<\/a><\/td><\/tr><tr><td class=\"has-text-align-left\" data-align=\"left\"><a href=\"https:\/\/lasenia.cat\/web\/wp-content\/uploads\/2024\/05\/ANUNCI_Llistprov_OFIJAR01.pdf\" data-type=\"link\" data-id=\"https:\/\/lasenia.cat\/web\/wp-content\/uploads\/2024\/05\/ANUNCI_Llistprov_OFIJAR01.pdf\" target=\"_blank\" rel=\"noreferrer noopener\">Llista provisional de persones admeses i excloses<\/a><\/td><\/tr><tr><td class=\"has-text-align-left\" data-align=\"left\"><a href=\"https:\/\/lasenia.cat\/web\/wp-content\/uploads\/2024\/05\/ANUNCI_LlistadefinitivaOFIJAR01.pdf\" target=\"_blank\" rel=\"noreferrer noopener\">Llista definitiva de persones admeses i excloses<\/a><\/td><\/tr><tr><td class=\"has-text-align-left\" data-align=\"left\"><a href=\"https:\/\/lasenia.cat\/web\/wp-content\/uploads\/2024\/06\/Anunci_cat_ofijar.pdf\" data-type=\"link\" data-id=\"https:\/\/lasenia.cat\/web\/wp-content\/uploads\/2024\/06\/Anunci_cat_ofijar.pdf\" target=\"_blank\" rel=\"noreferrer noopener\">Anunci: Resultat prova catal\u00e0<\/a><\/td><\/tr><tr><td class=\"has-text-align-left\" data-align=\"left\"><a href=\"https:\/\/lasenia.cat\/web\/wp-content\/uploads\/2024\/07\/ANUNCI_resul_provis_OFIJAR.pdf\" data-type=\"link\" data-id=\"https:\/\/lasenia.cat\/web\/wp-content\/uploads\/2024\/07\/ANUNCI_resul_provis_OFIJAR.pdf\" target=\"_blank\" rel=\"noreferrer noopener\">Anunci: Resultat provisional de la valoraci\u00f3 de m\u00e8rits<\/a> <a href=\"https:\/\/lasenia.eadministracio.cat\/board\" data-type=\"link\" data-id=\"https:\/\/lasenia.eadministracio.cat\/board\" target=\"_blank\" rel=\"noreferrer noopener\">(Anunci Seu electr\u00f2nica 05.07.2024)<\/a><\/td><\/tr><tr><td class=\"has-text-align-left\" data-align=\"left\"><a href=\"https:\/\/lasenia.eadministracio.cat\/board\" data-type=\"link\" data-id=\"https:\/\/lasenia.eadministracio.cat\/board\" target=\"_blank\" rel=\"noreferrer noopener\">Anunci: Esmena error material resultat provisional<\/a><\/td><\/tr><tr><td class=\"has-text-align-left\" data-align=\"left\"><a href=\"https:\/\/www.diputaciodetarragona.cat\/ebop\/index.php?op=anunci&amp;id=7241&amp;ebop_any=2024\" data-type=\"link\" data-id=\"https:\/\/www.diputaciodetarragona.cat\/ebop\/index.php?op=anunci&amp;id=7241&amp;ebop_any=2024\" target=\"_blank\" rel=\"noreferrer noopener\">Anunci contractaci\u00f3 al BOPT CVE 2024-6708 de 2 d&#8217;agost de 2024<\/a><\/td><\/tr><\/tbody><\/table><\/figure>\n\n\n\n<p><\/p>\n","protected":false},"excerpt":{"rendered":"<p>Grup Tipus de procediment Perfil N\u00famero de places Data BOPT Data DOGC C2 Concurs de m\u00e8rits Laboral 1 03.10.2022 08.04.2024<\/p>\n","protected":false},"author":3,"featured_media":0,"parent":0,"menu_order":0,"comment_status":"closed","ping_status":"closed","template":"","meta":{"colormag_page_container_layout":"no_sidebar_full_width","colormag_page_sidebar_layout":"no_sidebar","footnotes":""},"class_list":["post-2056","page","type-page","status-publish","hentry"],"_links":{"self":[{"href":"https:\/\/lasenia.cat\/web\/wp-json\/wp\/v2\/pages\/2056","targetHints":{"allow":["GET"]}}],"collection":[{"href":"https:\/\/lasenia.cat\/web\/wp-json\/wp\/v2\/pages"}],"about":[{"href":"https:\/\/lasenia.cat\/web\/wp-json\/wp\/v2\/types\/page"}],"author":[{"embeddable":true,"href":"https:\/\/lasenia.cat\/web\/wp-json\/wp\/v2\/users\/3"}],"replies":[{"embeddable":true,"href":"https:\/\/lasenia.cat\/web\/wp-json\/wp\/v2\/comments?post=2056"}],"version-history":[{"count":25,"href":"https:\/\/lasenia.cat\/web\/wp-json\/wp\/v2\/pages\/2056\/revisions"}],"predecessor-version":[{"id":5547,"href":"https:\/\/lasenia.cat\/web\/wp-json\/wp\/v2\/pages\/2056\/revisions\/5547"}],"wp:attachment":[{"href":"https:\/\/lasenia.cat\/web\/wp-json\/wp\/v2\/media?parent=2056"}],"curies":[{"name":"wp","href":"https:\/\/api.w.org\/{rel}","templated":true}]}}