{"id":2009,"date":"2022-07-21T10:22:03","date_gmt":"2022-07-21T09:22:03","guid":{"rendered":"https:\/\/lasenia.cat\/web\/?page_id=2009"},"modified":"2026-02-27T08:47:46","modified_gmt":"2026-02-27T07:47:46","slug":"borsa-de-treball-dagents-de-la-policia-local-2022","status":"publish","type":"page","link":"https:\/\/lasenia.cat\/web\/borsa-de-treball-dagents-de-la-policia-local-2022\/","title":{"rendered":"Borsa de treball &#8211; Agents de la policia local (2022)"},"content":{"rendered":"\n<figure class=\"wp-block-table is-style-stripes\"><table><tbody><tr><td class=\"has-text-align-center\" data-align=\"center\"><strong>Grup<\/strong><\/td><td class=\"has-text-align-center\" data-align=\"center\"><strong>Tipus de procediment<\/strong><\/td><td class=\"has-text-align-center\" data-align=\"center\"><strong>Perfil<\/strong><\/td><td class=\"has-text-align-center\" data-align=\"center\"><strong>N\u00famero de places<\/strong><\/td><td class=\"has-text-align-center\" data-align=\"center\"><strong>Anunci BOPT<\/strong><\/td><td class=\"has-text-align-center\" data-align=\"center\"><strong>Anunci DOCG<\/strong><\/td><\/tr><tr><td class=\"has-text-align-center\" data-align=\"center\">C2<\/td><td class=\"has-text-align-center\" data-align=\"center\">Concurs-oposici\u00f3<\/td><td class=\"has-text-align-center\" data-align=\"center\">Funcionari inter\u00ed<\/td><td class=\"has-text-align-center\" data-align=\"center\">Borsa<\/td><td class=\"has-text-align-center\" data-align=\"center\">08.06.2022<\/td><td class=\"has-text-align-center\" data-align=\"center\">15.06.2022<\/td><\/tr><\/tbody><\/table><\/figure>\n\n\n\n<p class=\"has-text-color has-link-color wp-elements-7db419015bb8eb1eb8f395436fcc43f3\" style=\"color:#bc0202\"><strong>BORSA NO VIGENT<\/strong><\/p>\n\n\n\n<figure class=\"wp-block-table is-style-stripes\"><table><tbody><tr><td class=\"has-text-align-left\" data-align=\"left\"><a rel=\"noreferrer noopener\" href=\"https:\/\/www.diputaciodetarragona.cat\/ebop\/index.php?op=dwn&amp;tipus=i&amp;data=20220608&amp;anyp=2022&amp;num=04814&amp;v=i\" target=\"_blank\">Bases del proc\u00e9s de selecci\u00f3 (BOPT)<\/a><\/td><\/tr><tr><td class=\"has-text-align-left\" data-align=\"left\"><a rel=\"noreferrer noopener\" href=\"https:\/\/portaldogc.gencat.cat\/utilsEADOP\/AppJava\/PdfProviderServlet?versionId=1914032&amp;type=01\" target=\"_blank\">Convocat\u00f2ria (DOGC) <\/a><\/td><\/tr><tr><td class=\"has-text-align-left\" data-align=\"left\"><a rel=\"noreferrer noopener\" href=\"https:\/\/lasenia.cat\/web\/wp-content\/uploads\/2022\/07\/Anunci_llista_provisional_borsa_policia.pdf\" data-type=\"URL\" data-id=\"https:\/\/lasenia.cat\/web\/wp-content\/uploads\/2022\/07\/Anunci_llista_provisional_borsa_policia.pdf\" target=\"_blank\">Llista provisional de persones admeses i excloses<\/a><\/td><\/tr><tr><td class=\"has-text-align-left\" data-align=\"left\"><a rel=\"noreferrer noopener\" href=\"https:\/\/lasenia.cat\/web\/wp-content\/uploads\/2022\/08\/Anunci_llista_def_borsa_policia.pdf\" data-type=\"URL\" data-id=\"https:\/\/lasenia.cat\/web\/wp-content\/uploads\/2022\/08\/Anunci_llista_def_borsa_policia.pdf\" target=\"_blank\">Llista definitiva de persones admeses i excloses, tribunal i calendari de les proves<\/a> (<a rel=\"noreferrer noopener\" href=\"https:\/\/lasenia.eadministracio.cat\/board\" data-type=\"URL\" data-id=\"https:\/\/lasenia.eadministracio.cat\/board\" target=\"_blank\">Anunci tauler<\/a>)<\/td><\/tr><tr><td class=\"has-text-align-left\" data-align=\"left\"><a href=\"https:\/\/lasenia.cat\/web\/wp-content\/uploads\/2022\/09\/20220926_Publicacio_Anunci_08.-ANUNCI-RESULTAT-FINAL-I-PROPOSTA-DE-RESOLUCIO.pdf\" data-type=\"URL\" data-id=\"https:\/\/lasenia.cat\/web\/wp-content\/uploads\/2022\/09\/20220926_Publicacio_Anunci_08.-ANUNCI-RESULTAT-FINAL-I-PROPOSTA-DE-RESOLUCIO.pdf\" target=\"_blank\" rel=\"noreferrer noopener\">Resultat final del proc\u00e9s de selecci\u00f3<\/a><\/td><\/tr><tr><td class=\"has-text-align-left\" data-align=\"left\"><a rel=\"noreferrer noopener\" href=\"https:\/\/lasenia.cat\/web\/wp-content\/uploads\/2022\/10\/20220929_Publicacio_Anunci_Anunci-Borsa-de-treball-agents-de-la-policia-local.pdf\" data-type=\"URL\" data-id=\"https:\/\/lasenia.cat\/web\/wp-content\/uploads\/2022\/10\/20220929_Publicacio_Anunci_Anunci-Borsa-de-treball-agents-de-la-policia-local.pdf\" target=\"_blank\">Anunci constituci\u00f3 de la borsa d&#8217;agents de la policia local <\/a>(Vig\u00e8ncia: Del 29.09.2022 al 29.09.2024)<\/td><\/tr><\/tbody><\/table><\/figure>\n\n\n\n<div class=\"wp-block-columns is-layout-flex wp-container-core-columns-is-layout-28f84493 wp-block-columns-is-layout-flex\">\n<div class=\"wp-block-column is-layout-flow wp-block-column-is-layout-flow\" style=\"flex-basis:100%\">\n<div class=\"wp-block-group is-layout-flow wp-block-group-is-layout-flow\"><\/div>\n<\/div>\n<\/div>\n\n\n\n<p><\/p>\n","protected":false},"excerpt":{"rendered":"<p>Grup Tipus de procediment Perfil N\u00famero de places Anunci BOPT Anunci DOCG C2 Concurs-oposici\u00f3 Funcionari inter\u00ed Borsa 08.06.2022 15.06.2022 BORSA<\/p>\n","protected":false},"author":3,"featured_media":0,"parent":0,"menu_order":0,"comment_status":"closed","ping_status":"closed","template":"","meta":{"colormag_page_container_layout":"default_layout","colormag_page_sidebar_layout":"default_layout","footnotes":""},"class_list":["post-2009","page","type-page","status-publish","hentry"],"_links":{"self":[{"href":"https:\/\/lasenia.cat\/web\/wp-json\/wp\/v2\/pages\/2009","targetHints":{"allow":["GET"]}}],"collection":[{"href":"https:\/\/lasenia.cat\/web\/wp-json\/wp\/v2\/pages"}],"about":[{"href":"https:\/\/lasenia.cat\/web\/wp-json\/wp\/v2\/types\/page"}],"author":[{"embeddable":true,"href":"https:\/\/lasenia.cat\/web\/wp-json\/wp\/v2\/users\/3"}],"replies":[{"embeddable":true,"href":"https:\/\/lasenia.cat\/web\/wp-json\/wp\/v2\/comments?post=2009"}],"version-history":[{"count":56,"href":"https:\/\/lasenia.cat\/web\/wp-json\/wp\/v2\/pages\/2009\/revisions"}],"predecessor-version":[{"id":8611,"href":"https:\/\/lasenia.cat\/web\/wp-json\/wp\/v2\/pages\/2009\/revisions\/8611"}],"wp:attachment":[{"href":"https:\/\/lasenia.cat\/web\/wp-json\/wp\/v2\/media?parent=2009"}],"curies":[{"name":"wp","href":"https:\/\/api.w.org\/{rel}","templated":true}]}}