{"id":1999,"date":"2022-07-21T09:39:06","date_gmt":"2022-07-21T08:39:06","guid":{"rendered":"https:\/\/lasenia.cat\/web\/?page_id=1999"},"modified":"2026-04-23T12:43:04","modified_gmt":"2026-04-23T10:43:04","slug":"oferta-docupacio-publica","status":"publish","type":"page","link":"https:\/\/lasenia.cat\/web\/oferta-docupacio-publica\/","title":{"rendered":"Oferta d&#8217;Ocupaci\u00f3 P\u00fablica"},"content":{"rendered":"\n<p>L\u2019oferta d\u2019ocupaci\u00f3 p\u00fablica (OOP) \u00e9s el instrument mitjan\u00e7ant el qual l&#8217;administraci\u00f3 fa p\u00fablics els llocs de treball que necessita cobrir i que es proveiran mitjan\u00e7ant procediments selectius (oposicions, concursos o concurs-oposici\u00f3).<\/p>\n\n\n\n<p>Amb posterioritat a la publicaci\u00f3 de l&#8217;Oferta l&#8217;Ajuntament convocar\u00e0 els corresponents processos de selecci\u00f3, convocat\u00f2ries que hauran de finalitar en un termini m\u00e0xim de 3 anys des de la data de publicaci\u00f3 al DOGC.<\/p>\n\n\n\n<p>Per consultar les convocat\u00f2ries vigents a l&#8217;apartat <a href=\"https:\/\/lasenia.cat\/web\/personal\/\" data-type=\"link\" data-id=\"https:\/\/lasenia.cat\/web\/personal\/\" target=\"_blank\" rel=\"noreferrer noopener nofollow\">CONVOCAT\u00d2RIES DE PERSONAL<\/a><\/p>\n\n\n\n<hr class=\"wp-block-separator has-text-color has-alpha-channel-opacity has-background is-style-wide\" style=\"margin-top:4rem;margin-bottom:4rem;background-color:#5fa82c;color:#5fa82c\"\/>\n\n\n\n<figure class=\"wp-block-table is-style-regular\"><table class=\"has-fixed-layout\"><thead><tr><th class=\"has-text-align-left\" data-align=\"left\"><strong>OFERTES VIGENTS<\/strong><\/th><\/tr><\/thead><tbody><tr><td class=\"has-text-align-left\" data-align=\"left\">Oferta d&#8217;ocupaci\u00f3 p\u00fablica 2026 (En proc\u00e9s de publicaci\u00f3 al DOGC)<\/td><\/tr><tr><td class=\"has-text-align-left\" data-align=\"left\"><a href=\"https:\/\/dogc.gencat.cat\/ca\/document-del-dogc\/?documentId=993203\" data-type=\"link\" data-id=\"https:\/\/dogc.gencat.cat\/ca\/document-del-dogc\/?documentId=993203\" target=\"_blank\" rel=\"noreferrer noopener\">Oferta d&#8217;ocupaci\u00f3 p\u00fablica 2024<\/a><\/td><\/tr><\/tbody><\/table><\/figure>\n\n\n\n<figure class=\"wp-block-table is-style-stripes has-small-font-size\"><table class=\"has-fixed-layout\"><thead><tr><th class=\"has-text-align-left\" data-align=\"left\"><strong>OFERTES ANTERIORS (No vigents)<\/strong><\/th><\/tr><\/thead><tbody><tr><td class=\"has-text-align-left\" data-align=\"left\">Oferta d&#8217;ocupaci\u00f3 p\u00fablica 2025 <em>(No hi va haver oferta, per manca de Taxa de Reposici\u00f3 d&#8217;Efectius)<\/em><\/td><\/tr><tr><td class=\"has-text-align-left\" data-align=\"left\"><a href=\"https:\/\/dogc.gencat.cat\/ca\/document-del-dogc\/?documentId=960710\" data-type=\"URL\" data-id=\"https:\/\/dogc.gencat.cat\/ca\/document-del-dogc\/?documentId=960710\" target=\"_blank\" rel=\"noreferrer noopener\">Oferta d&#8217;ocupaci\u00f3 p\u00fablica 2023<\/a><\/td><\/tr><tr><td class=\"has-text-align-left\" data-align=\"left\"><a href=\"https:\/\/dogc.gencat.cat\/ca\/document-del-dogc\/?documentId=927574\" data-type=\"URL\" data-id=\"https:\/\/dogc.gencat.cat\/ca\/document-del-dogc\/?documentId=927574\" target=\"_blank\" rel=\"noreferrer noopener\">Oferta d&#8217;ocupaci\u00f3 p\u00fablica 2022<\/a><\/td><\/tr><tr><td class=\"has-text-align-left\" data-align=\"left\"><a href=\"https:\/\/dogc.gencat.cat\/ca\/document-del-dogc\/?documentId=927563\" target=\"_blank\" rel=\"noreferrer noopener\">Oferta d&#8217;ocupaci\u00f3 p\u00fablica 2022 per a l&#8217;estabilitzaci\u00f3 de l&#8217;ocupaci\u00f3 temporal (Rectificaci\u00f3)<\/a><\/td><\/tr><tr><td class=\"has-text-align-left\" data-align=\"left\"><a href=\"https:\/\/dogc.gencat.cat\/ca\/document-del-dogc\/?documentId=925834\" target=\"_blank\" rel=\"noreferrer noopener\">Oferta d&#8217;ocupaci\u00f3 p\u00fablica 2022 per a l&#8217;estabilitzaci\u00f3 de l&#8217;ocupaci\u00f3 temporal<\/a><\/td><\/tr><tr><td class=\"has-text-align-left\" data-align=\"left\"><a href=\"https:\/\/dogc.gencat.cat\/ca\/document-del-dogc\/?documentId=893598\" target=\"_blank\" rel=\"noreferrer noopener\">Oferta d&#8217;ocupaci\u00f3 p\u00fablica 2021<\/a><\/td><\/tr><tr><td class=\"has-text-align-left\" data-align=\"left\"><a href=\"https:\/\/dogc.gencat.cat\/ca\/document-del-dogc\/?documentId=869675\" target=\"_blank\" rel=\"noreferrer noopener\">Oferta d&#8217;ocupaci\u00f3 p\u00fablica 2020<\/a><\/td><\/tr><tr><td class=\"has-text-align-left\" data-align=\"left\"><a href=\"https:\/\/dogc.gencat.cat\/ca\/document-del-dogc\/?documentId=850979\" data-type=\"URL\" data-id=\"https:\/\/dogc.gencat.cat\/ca\/document-del-dogc\/?documentId=850979\" target=\"_blank\" rel=\"noreferrer noopener\">Oferta d&#8217;ocupaci\u00f3 p\u00fablica 2019<\/a><\/td><\/tr><tr><td class=\"has-text-align-left\" data-align=\"left\"><a href=\"https:\/\/dogc.gencat.cat\/ca\/document-del-dogc\/?documentId=833873\" data-type=\"URL\" data-id=\"https:\/\/dogc.gencat.cat\/ca\/document-del-dogc\/?documentId=833873\" target=\"_blank\" rel=\"noreferrer noopener\">Oferta d&#8217;ocupaci\u00f3 p\u00fablica 2018<\/a><\/td><\/tr><tr><td class=\"has-text-align-left\" data-align=\"left\"><a href=\"https:\/\/www.diputaciodetarragona.cat\/ebop\/index.php?op=anunci&amp;id=7432&amp;ebop_any=2017\" data-type=\"URL\" data-id=\"https:\/\/www.diputaciodetarragona.cat\/ebop\/index.php?op=anunci&amp;id=7432&amp;ebop_any=2017\" target=\"_blank\" rel=\"noreferrer noopener\">Oferta d&#8217;ocupaci\u00f3 p\u00fablica 2017<\/a><\/td><\/tr><tr><td class=\"has-text-align-left\" data-align=\"left\"><a href=\"https:\/\/www.diputaciodetarragona.cat\/ebop\/index.php?op=anunci&amp;id=84&amp;ebop_any=2017\" data-type=\"URL\" data-id=\"https:\/\/www.diputaciodetarragona.cat\/ebop\/index.php?op=anunci&amp;id=84&amp;ebop_any=2017\" target=\"_blank\" rel=\"noreferrer noopener\">Oferta d&#8217;ocupaci\u00f3 p\u00fablica 2016<\/a><\/td><\/tr><tr><td class=\"has-text-align-left\" data-align=\"left\"><a href=\"http:\/\/portaldogc.gencat.cat\/utilsEADOP\/AppJava\/PdfProviderServlet?documentId=682469&amp;type=01&amp;language=es_ES\" data-type=\"URL\" data-id=\"http:\/\/portaldogc.gencat.cat\/utilsEADOP\/AppJava\/PdfProviderServlet?documentId=682469&amp;type=01&amp;language=es_ES\" target=\"_blank\" rel=\"noreferrer noopener\">Oferta d&#8217;ocupaci\u00f3 p\u00fablica 2014 <\/a><\/td><\/tr><tr><td class=\"has-text-align-left\" data-align=\"left\"><a href=\"http:\/\/portaldogc.gencat.cat\/utilsEADOP\/AppJava\/PdfProviderServlet?documentId=667967&amp;type=01&amp;language=es_ES\" data-type=\"URL\" data-id=\"http:\/\/portaldogc.gencat.cat\/utilsEADOP\/AppJava\/PdfProviderServlet?documentId=667967&amp;type=01&amp;language=es_ES\" target=\"_blank\" rel=\"noreferrer noopener\">Oferta d&#8217;ocupaci\u00f3 p\u00fablica 2013<\/a><\/td><\/tr><\/tbody><\/table><\/figure>\n\n\n\n<p><\/p>\n","protected":false},"excerpt":{"rendered":"<p>L\u2019oferta d\u2019ocupaci\u00f3 p\u00fablica (OOP) \u00e9s el instrument mitjan\u00e7ant el qual l&#8217;administraci\u00f3 fa p\u00fablics els llocs de treball que necessita cobrir<\/p>\n","protected":false},"author":3,"featured_media":0,"parent":0,"menu_order":0,"comment_status":"closed","ping_status":"closed","template":"","meta":{"colormag_page_container_layout":"no_sidebar_full_width","colormag_page_sidebar_layout":"no_sidebar","footnotes":""},"class_list":["post-1999","page","type-page","status-publish","hentry"],"_links":{"self":[{"href":"https:\/\/lasenia.cat\/web\/wp-json\/wp\/v2\/pages\/1999","targetHints":{"allow":["GET"]}}],"collection":[{"href":"https:\/\/lasenia.cat\/web\/wp-json\/wp\/v2\/pages"}],"about":[{"href":"https:\/\/lasenia.cat\/web\/wp-json\/wp\/v2\/types\/page"}],"author":[{"embeddable":true,"href":"https:\/\/lasenia.cat\/web\/wp-json\/wp\/v2\/users\/3"}],"replies":[{"embeddable":true,"href":"https:\/\/lasenia.cat\/web\/wp-json\/wp\/v2\/comments?post=1999"}],"version-history":[{"count":43,"href":"https:\/\/lasenia.cat\/web\/wp-json\/wp\/v2\/pages\/1999\/revisions"}],"predecessor-version":[{"id":8996,"href":"https:\/\/lasenia.cat\/web\/wp-json\/wp\/v2\/pages\/1999\/revisions\/8996"}],"wp:attachment":[{"href":"https:\/\/lasenia.cat\/web\/wp-json\/wp\/v2\/media?parent=1999"}],"curies":[{"name":"wp","href":"https:\/\/api.w.org\/{rel}","templated":true}]}}