{"id":1990,"date":"2022-07-21T08:54:53","date_gmt":"2022-07-21T07:54:53","guid":{"rendered":"https:\/\/lasenia.cat\/web\/?page_id=1990"},"modified":"2026-05-07T08:34:39","modified_gmt":"2026-05-07T06:34:39","slug":"ofertes-de-treball","status":"publish","type":"page","link":"https:\/\/lasenia.cat\/web\/ofertes-de-treball\/","title":{"rendered":"CONVOCAT\u00d2RIES DE PERSONAL"},"content":{"rendered":"\n<h4 class=\"wp-block-heading\"><strong>Processos de selecci\u00f3 vigents<\/strong><\/h4>\n\n\n\n<figure class=\"wp-block-table alignleft is-style-stripes has-medium-font-size\"><table><thead><tr><th class=\"has-text-align-left\" data-align=\"left\"><strong>Denominaci\u00f3<\/strong><\/th><th class=\"has-text-align-left\" data-align=\"left\"><strong>Tipus convocat\u00f2ria<\/strong><\/th><th class=\"has-text-align-left\" data-align=\"left\">Torn<\/th><th class=\"has-text-align-left\" data-align=\"left\"><strong>Codi<\/strong><\/th><th class=\"has-text-align-left\" data-align=\"left\"><strong>Estat<\/strong><\/th><th class=\"has-text-align-left\" data-align=\"left\"><strong>Termini<\/strong><\/th><\/tr><\/thead><tbody><tr><td class=\"has-text-align-left\" data-align=\"left\"><a href=\"https:\/\/lasenia.cat\/web\/enginer-a-de-camins-engcam01\/\" data-type=\"link\" data-id=\"https:\/\/lasenia.cat\/web\/enginer-a-de-camins-engcam01\/\" target=\"_blank\" rel=\"noreferrer noopener nofollow\">Enginyer\/a de camins<\/a><\/td><td class=\"has-text-align-left\" data-align=\"left\">Concurs oposici\u00f3<\/td><td class=\"has-text-align-left\" data-align=\"left\">Lliure<\/td><td class=\"has-text-align-left\" data-align=\"left\">ENGCAM01<\/td><td class=\"has-text-align-left\" data-align=\"left\">Esmenes<\/td><td class=\"has-text-align-left\" data-align=\"left\">Del 23 d&#8217;abril al 07 de maig<\/td><\/tr><tr><td class=\"has-text-align-left\" data-align=\"left\"><a href=\"https:\/\/lasenia.cat\/web\/borsa-de-direccio-de-lleure\/\" data-type=\"link\" data-id=\"https:\/\/lasenia.cat\/web\/borsa-de-direccio-de-lleure\/\">Borsa de direcci\u00f3 de lleure<\/a><\/td><td class=\"has-text-align-left\" data-align=\"left\">Concurs oposici\u00f3<\/td><td class=\"has-text-align-left\" data-align=\"left\">Lliure<\/td><td class=\"has-text-align-left\" data-align=\"left\">BORSA DIRLLEU<\/td><td class=\"has-text-align-left\" data-align=\"left\">Inst\u00e0ncies<\/td><td class=\"has-text-align-left\" data-align=\"left\">Del 22 d&#8217;abril al 21 de maig<\/td><\/tr><tr><td class=\"has-text-align-left\" data-align=\"left\"><a href=\"https:\/\/lasenia.cat\/web\/borsa-tecnics-ques-educadors-es\/\" data-type=\"link\" data-id=\"https:\/\/lasenia.cat\/web\/borsa-tecnics-ques-educadors-es\/\">Borsa t\u00e8cnics\/ques educadores (CFGS)<\/a><\/td><td class=\"has-text-align-left\" data-align=\"left\">Concurs<\/td><td class=\"has-text-align-left\" data-align=\"left\">Lliure<\/td><td class=\"has-text-align-left\" data-align=\"left\">BORSA TECEDU<\/td><td class=\"has-text-align-left\" data-align=\"left\">Inst\u00e0ncies<\/td><td class=\"has-text-align-left\" data-align=\"left\">Del 28 d&#8217;abril al 27 de maig<\/td><\/tr><tr><td class=\"has-text-align-left\" data-align=\"left\"><a href=\"https:\/\/lasenia.cat\/web\/tecnic-a-mig-de-gestio-administrativa\/\" data-type=\"link\" data-id=\"https:\/\/lasenia.cat\/web\/tecnic-a-mig-de-gestio-administrativa\/\" target=\"_blank\" rel=\"noreferrer noopener\">T\u00e8cnic\/a mig de gesti\u00f3 administrativa<\/a><\/td><td class=\"has-text-align-left\" data-align=\"left\">Concurs oposici\u00f3<\/td><td class=\"has-text-align-left\" data-align=\"left\">PI<\/td><td class=\"has-text-align-left\" data-align=\"left\">TMGA02<\/td><td class=\"has-text-align-left\" data-align=\"left\">Esmenes<\/td><td class=\"has-text-align-left\" data-align=\"left\">Del 7 al 21 de maig<\/td><\/tr><tr><td class=\"has-text-align-left\" data-align=\"left\"><a href=\"https:\/\/lasenia.cat\/web\/borsa-educadors-es-borsa-educ01\/\" data-type=\"link\" data-id=\"https:\/\/lasenia.cat\/web\/borsa-educadors-es-borsa-educ01\/\" target=\"_blank\" rel=\"noreferrer noopener nofollow\">Borsa d&#8217;educadors\/es (mestre\/a)<\/a><\/td><td class=\"has-text-align-left\" data-align=\"left\">Concurs<\/td><td class=\"has-text-align-left\" data-align=\"left\">Lliure<\/td><td class=\"has-text-align-left\" data-align=\"left\">BORSA EDUC01<\/td><td class=\"has-text-align-left\" data-align=\"left\">En proc\u00e9s<\/td><td class=\"has-text-align-left\" data-align=\"left\">&#8211;<\/td><\/tr><tr><td class=\"has-text-align-left\" data-align=\"left\"><a href=\"https:\/\/lasenia.cat\/web\/borsa-de-treball-de-monitoratge-de-lleure-2026\/\" data-type=\"link\" data-id=\"https:\/\/lasenia.cat\/web\/borsa-de-treball-de-monitoratge-de-lleure-2026\/\" target=\"_blank\" rel=\"noreferrer noopener nofollow\">Borsa de monitoratge de lleure<\/a><\/td><td class=\"has-text-align-left\" data-align=\"left\">Concurs<\/td><td class=\"has-text-align-left\" data-align=\"left\">Lliure<\/td><td class=\"has-text-align-left\" data-align=\"left\">BORSA MONLLEU<\/td><td class=\"has-text-align-left\" data-align=\"left\">Esmenes<\/td><td class=\"has-text-align-left\" data-align=\"left\">Del 8 al 22 de maig<\/td><\/tr><\/tbody><\/table><\/figure>\n\n\n\n<p class=\"has-text-align-center\"><\/p>\n\n\n\n<h4 class=\"wp-block-heading\"><strong>Processos de selecci\u00f3 futurs<\/strong> <\/h4>\n\n\n\n<figure class=\"wp-block-table alignleft is-style-stripes has-medium-font-size\"><table><thead><tr><th class=\"has-text-align-left\" data-align=\"left\"><strong>Denominaci\u00f3<\/strong><\/th><th class=\"has-text-align-center\" data-align=\"center\">Grup<\/th><th class=\"has-text-align-center\" data-align=\"center\"> Nivell <\/th><th class=\"has-text-align-left\" data-align=\"left\">Tipus de convocat\u00f2ria      <\/th><th class=\"has-text-align-center\" data-align=\"center\">Places<\/th><th class=\"has-text-align-left\" data-align=\"left\">Codi<\/th><th class=\"has-text-align-center\" data-align=\"center\"><a href=\"https:\/\/lasenia.cat\/web\/oferta-docupacio-publica\/\" data-type=\"link\" data-id=\"https:\/\/lasenia.cat\/web\/oferta-docupacio-publica\/\" target=\"_blank\" rel=\"noreferrer noopener\">Oferta d&#8217;Ocupaci\u00f3<\/a><\/th><\/tr><\/thead><tbody><tr><td class=\"has-text-align-left\" data-align=\"left\">Responsable de neteja<\/td><td class=\"has-text-align-center\" data-align=\"center\">AP<\/td><td class=\"has-text-align-center\" data-align=\"center\">14<\/td><td class=\"has-text-align-left\" data-align=\"left\">Concurs oposici\u00f3 &#8211; PI<\/td><td class=\"has-text-align-center\" data-align=\"center\">1<\/td><td class=\"has-text-align-left\" data-align=\"left\">&#8211;<\/td><td class=\"has-text-align-center\" data-align=\"center\">2024 <\/td><\/tr><tr><td class=\"has-text-align-left\" data-align=\"left\">T\u00e8cnic\/a Administraci\u00f3 general<\/td><td class=\"has-text-align-center\" data-align=\"center\">A1<\/td><td class=\"has-text-align-center\" data-align=\"center\">24<\/td><td class=\"has-text-align-left\" data-align=\"left\">Concurs oposici\u00f3 &#8211; PI<\/td><td class=\"has-text-align-center\" data-align=\"center\">1<\/td><td class=\"has-text-align-left\" data-align=\"left\">TAG02<\/td><td class=\"has-text-align-center\" data-align=\"center\">2026 <\/td><\/tr><tr><td class=\"has-text-align-left\" data-align=\"left\">Administratiu\/va de gesti\u00f3<\/td><td class=\"has-text-align-center\" data-align=\"center\">C1<\/td><td class=\"has-text-align-center\" data-align=\"center\">20<\/td><td class=\"has-text-align-left\" data-align=\"left\">Concurs oposici\u00f3 &#8211; PI<\/td><td class=\"has-text-align-center\" data-align=\"center\">4<\/td><td class=\"has-text-align-left\" data-align=\"left\">ADMIN<\/td><td class=\"has-text-align-center\" data-align=\"center\">2026<\/td><\/tr><tr><td class=\"has-text-align-left\" data-align=\"left\">Administratiu\/va de gesti\u00f3<\/td><td class=\"has-text-align-center\" data-align=\"center\">C1<\/td><td class=\"has-text-align-center\" data-align=\"center\">20<\/td><td class=\"has-text-align-left\" data-align=\"left\">Concurs oposici\u00f3 &#8211; Lliure<\/td><td class=\"has-text-align-center\" data-align=\"center\">2<\/td><td class=\"has-text-align-left\" data-align=\"left\">ADMIN<\/td><td class=\"has-text-align-center\" data-align=\"center\">2026<\/td><\/tr><tr><td class=\"has-text-align-left\" data-align=\"left\">Enginyer\/a t\u00e8cnica\/a<\/td><td class=\"has-text-align-center\" data-align=\"center\">A2<\/td><td class=\"has-text-align-center\" data-align=\"center\">20<\/td><td class=\"has-text-align-left\" data-align=\"left\">Concurs oposici\u00f3 &#8211; Lliure<\/td><td class=\"has-text-align-center\" data-align=\"center\">1<\/td><td class=\"has-text-align-left\" data-align=\"left\">ENGTEC<\/td><td class=\"has-text-align-center\" data-align=\"center\">2026<\/td><\/tr><tr><td class=\"has-text-align-left\" data-align=\"left\">Agent de Policia<\/td><td class=\"has-text-align-center\" data-align=\"center\">C1<\/td><td class=\"has-text-align-center\" data-align=\"center\">16<\/td><td class=\"has-text-align-left\" data-align=\"left\">Concurs oposici\u00f3 &#8211; Lliure<\/td><td class=\"has-text-align-center\" data-align=\"center\">1<\/td><td class=\"has-text-align-left\" data-align=\"left\">AGENT<\/td><td class=\"has-text-align-center\" data-align=\"center\">2026<\/td><\/tr><tr><td class=\"has-text-align-left\" data-align=\"left\">Pe\u00f3 de suport addicional<\/td><td class=\"has-text-align-center\" data-align=\"center\">AP<\/td><td class=\"has-text-align-center\" data-align=\"center\">12<\/td><td class=\"has-text-align-left\" data-align=\"left\">Concurs oposici\u00f3 &#8211; Lliure<\/td><td class=\"has-text-align-center\" data-align=\"center\">1<\/td><td class=\"has-text-align-left\" data-align=\"left\">PEOSA<\/td><td class=\"has-text-align-center\" data-align=\"center\">2026<\/td><\/tr><tr><td class=\"has-text-align-left\" data-align=\"left\">Pe\u00f3<\/td><td class=\"has-text-align-center\" data-align=\"center\">AP<\/td><td class=\"has-text-align-center\" data-align=\"center\">12<\/td><td class=\"has-text-align-left\" data-align=\"left\">Concurs oposici\u00f3 &#8211; Lliure<\/td><td class=\"has-text-align-center\" data-align=\"center\">1<\/td><td class=\"has-text-align-left\" data-align=\"left\">PEO<\/td><td class=\"has-text-align-center\" data-align=\"center\">2026<\/td><\/tr><tr><td class=\"has-text-align-left\" data-align=\"left\">Monitor\/a esportiu\/va<\/td><td class=\"has-text-align-center\" data-align=\"center\">C1<\/td><td class=\"has-text-align-center\" data-align=\"center\">14<\/td><td class=\"has-text-align-left\" data-align=\"left\">Concurs oposici\u00f3 &#8211; Lliure<\/td><td class=\"has-text-align-center\" data-align=\"center\">2<\/td><td class=\"has-text-align-left\" data-align=\"left\">MONISOC<\/td><td class=\"has-text-align-center\" data-align=\"center\">2026<\/td><\/tr><\/tbody><\/table><\/figure>\n\n\n\n<p><\/p>\n\n\n\n<p><\/p>\n","protected":false},"excerpt":{"rendered":"<p>Processos de selecci\u00f3 vigents Denominaci\u00f3 Tipus convocat\u00f2ria Torn Codi Estat Termini Enginyer\/a de camins Concurs oposici\u00f3 Lliure ENGCAM01 Esmenes Del<\/p>\n","protected":false},"author":1,"featured_media":0,"parent":0,"menu_order":0,"comment_status":"closed","ping_status":"closed","template":"","meta":{"colormag_page_container_layout":"no_sidebar_full_width","colormag_page_sidebar_layout":"no_sidebar","footnotes":""},"class_list":["post-1990","page","type-page","status-publish","hentry"],"_links":{"self":[{"href":"https:\/\/lasenia.cat\/web\/wp-json\/wp\/v2\/pages\/1990","targetHints":{"allow":["GET"]}}],"collection":[{"href":"https:\/\/lasenia.cat\/web\/wp-json\/wp\/v2\/pages"}],"about":[{"href":"https:\/\/lasenia.cat\/web\/wp-json\/wp\/v2\/types\/page"}],"author":[{"embeddable":true,"href":"https:\/\/lasenia.cat\/web\/wp-json\/wp\/v2\/users\/1"}],"replies":[{"embeddable":true,"href":"https:\/\/lasenia.cat\/web\/wp-json\/wp\/v2\/comments?post=1990"}],"version-history":[{"count":778,"href":"https:\/\/lasenia.cat\/web\/wp-json\/wp\/v2\/pages\/1990\/revisions"}],"predecessor-version":[{"id":9191,"href":"https:\/\/lasenia.cat\/web\/wp-json\/wp\/v2\/pages\/1990\/revisions\/9191"}],"wp:attachment":[{"href":"https:\/\/lasenia.cat\/web\/wp-json\/wp\/v2\/media?parent=1990"}],"curies":[{"name":"wp","href":"https:\/\/api.w.org\/{rel}","templated":true}]}}