{"id":1586,"date":"2021-10-13T17:37:13","date_gmt":"2021-10-13T16:37:13","guid":{"rendered":"http:\/\/lasenia.cat\/web\/?page_id=1586"},"modified":"2021-10-13T17:37:14","modified_gmt":"2021-10-13T16:37:14","slug":"camp-daviacio-de-la-senia","status":"publish","type":"page","link":"https:\/\/lasenia.cat\/web\/camp-daviacio-de-la-senia\/","title":{"rendered":"Camp d&#8217;Aviaci\u00f3 de la S\u00e9nia"},"content":{"rendered":"\n<div class=\"wp-block-columns is-layout-flex wp-container-core-columns-is-layout-28f84493 wp-block-columns-is-layout-flex\">\n<div class=\"wp-block-column is-layout-flow wp-block-column-is-layout-flow\" style=\"flex-basis:100%\">\n<div class=\"wp-block-group is-layout-flow wp-block-group-is-layout-flow\">\n<div class=\"wp-block-columns is-layout-flex wp-container-core-columns-is-layout-28f84493 wp-block-columns-is-layout-flex\">\n<div class=\"wp-block-column is-layout-flow wp-block-column-is-layout-flow\" style=\"flex-basis:100%\">\n<figure class=\"wp-block-gallery columns-4 is-cropped wp-block-gallery-1 is-layout-flex wp-block-gallery-is-layout-flex\"><ul class=\"blocks-gallery-grid\"><li class=\"blocks-gallery-item\"><figure><img loading=\"lazy\" decoding=\"async\" width=\"1024\" height=\"576\" src=\"https:\/\/lasenia.cat\/web\/wp-content\/uploads\/2021\/10\/20210228_142138-1024x576.jpg\" alt=\"\" data-id=\"1600\" data-full-url=\"https:\/\/lasenia.cat\/web\/wp-content\/uploads\/2021\/10\/20210228_142138-scaled.jpg\" data-link=\"https:\/\/lasenia.cat\/web\/?attachment_id=1600\" class=\"wp-image-1600\" srcset=\"https:\/\/lasenia.cat\/web\/wp-content\/uploads\/2021\/10\/20210228_142138-1024x576.jpg 1024w, https:\/\/lasenia.cat\/web\/wp-content\/uploads\/2021\/10\/20210228_142138-300x169.jpg 300w, https:\/\/lasenia.cat\/web\/wp-content\/uploads\/2021\/10\/20210228_142138-768x432.jpg 768w, https:\/\/lasenia.cat\/web\/wp-content\/uploads\/2021\/10\/20210228_142138-1536x864.jpg 1536w, https:\/\/lasenia.cat\/web\/wp-content\/uploads\/2021\/10\/20210228_142138-2048x1152.jpg 2048w\" sizes=\"auto, (max-width: 1024px) 100vw, 1024px\" \/><\/figure><\/li><li class=\"blocks-gallery-item\"><figure><img loading=\"lazy\" decoding=\"async\" width=\"1024\" height=\"576\" src=\"https:\/\/lasenia.cat\/web\/wp-content\/uploads\/2021\/10\/20211002_092043-1024x576.jpg\" alt=\"\" data-id=\"1599\" data-full-url=\"https:\/\/lasenia.cat\/web\/wp-content\/uploads\/2021\/10\/20211002_092043-scaled.jpg\" data-link=\"https:\/\/lasenia.cat\/web\/?attachment_id=1599\" class=\"wp-image-1599\" srcset=\"https:\/\/lasenia.cat\/web\/wp-content\/uploads\/2021\/10\/20211002_092043-1024x576.jpg 1024w, https:\/\/lasenia.cat\/web\/wp-content\/uploads\/2021\/10\/20211002_092043-300x169.jpg 300w, https:\/\/lasenia.cat\/web\/wp-content\/uploads\/2021\/10\/20211002_092043-768x432.jpg 768w, https:\/\/lasenia.cat\/web\/wp-content\/uploads\/2021\/10\/20211002_092043-1536x864.jpg 1536w, https:\/\/lasenia.cat\/web\/wp-content\/uploads\/2021\/10\/20211002_092043-2048x1152.jpg 2048w\" sizes=\"auto, (max-width: 1024px) 100vw, 1024px\" \/><\/figure><\/li><li class=\"blocks-gallery-item\"><figure><img loading=\"lazy\" decoding=\"async\" width=\"1024\" height=\"576\" src=\"https:\/\/lasenia.cat\/web\/wp-content\/uploads\/2021\/10\/20211002_092245-1024x576.jpg\" alt=\"\" data-id=\"1598\" data-full-url=\"https:\/\/lasenia.cat\/web\/wp-content\/uploads\/2021\/10\/20211002_092245-scaled.jpg\" data-link=\"https:\/\/lasenia.cat\/web\/?attachment_id=1598\" class=\"wp-image-1598\" srcset=\"https:\/\/lasenia.cat\/web\/wp-content\/uploads\/2021\/10\/20211002_092245-1024x576.jpg 1024w, https:\/\/lasenia.cat\/web\/wp-content\/uploads\/2021\/10\/20211002_092245-300x169.jpg 300w, https:\/\/lasenia.cat\/web\/wp-content\/uploads\/2021\/10\/20211002_092245-768x432.jpg 768w, https:\/\/lasenia.cat\/web\/wp-content\/uploads\/2021\/10\/20211002_092245-1536x864.jpg 1536w, https:\/\/lasenia.cat\/web\/wp-content\/uploads\/2021\/10\/20211002_092245-2048x1152.jpg 2048w\" sizes=\"auto, (max-width: 1024px) 100vw, 1024px\" \/><\/figure><\/li><li class=\"blocks-gallery-item\"><figure><img loading=\"lazy\" decoding=\"async\" width=\"1024\" height=\"576\" src=\"https:\/\/lasenia.cat\/web\/wp-content\/uploads\/2021\/10\/20211002_092007-1024x576.jpg\" alt=\"\" data-id=\"1597\" data-full-url=\"https:\/\/lasenia.cat\/web\/wp-content\/uploads\/2021\/10\/20211002_092007-scaled.jpg\" data-link=\"https:\/\/lasenia.cat\/web\/?attachment_id=1597\" class=\"wp-image-1597\" srcset=\"https:\/\/lasenia.cat\/web\/wp-content\/uploads\/2021\/10\/20211002_092007-1024x576.jpg 1024w, https:\/\/lasenia.cat\/web\/wp-content\/uploads\/2021\/10\/20211002_092007-300x169.jpg 300w, https:\/\/lasenia.cat\/web\/wp-content\/uploads\/2021\/10\/20211002_092007-768x432.jpg 768w, https:\/\/lasenia.cat\/web\/wp-content\/uploads\/2021\/10\/20211002_092007-1536x864.jpg 1536w, https:\/\/lasenia.cat\/web\/wp-content\/uploads\/2021\/10\/20211002_092007-2048x1152.jpg 2048w\" sizes=\"auto, (max-width: 1024px) 100vw, 1024px\" \/><\/figure><\/li><li class=\"blocks-gallery-item\"><figure><img loading=\"lazy\" decoding=\"async\" width=\"1024\" height=\"576\" src=\"https:\/\/lasenia.cat\/web\/wp-content\/uploads\/2021\/10\/20211002_092317-1024x576.jpg\" alt=\"\" data-id=\"1596\" data-full-url=\"https:\/\/lasenia.cat\/web\/wp-content\/uploads\/2021\/10\/20211002_092317-scaled.jpg\" data-link=\"https:\/\/lasenia.cat\/web\/?attachment_id=1596\" class=\"wp-image-1596\" srcset=\"https:\/\/lasenia.cat\/web\/wp-content\/uploads\/2021\/10\/20211002_092317-1024x576.jpg 1024w, https:\/\/lasenia.cat\/web\/wp-content\/uploads\/2021\/10\/20211002_092317-300x169.jpg 300w, https:\/\/lasenia.cat\/web\/wp-content\/uploads\/2021\/10\/20211002_092317-768x432.jpg 768w, https:\/\/lasenia.cat\/web\/wp-content\/uploads\/2021\/10\/20211002_092317-1536x864.jpg 1536w, https:\/\/lasenia.cat\/web\/wp-content\/uploads\/2021\/10\/20211002_092317-2048x1152.jpg 2048w\" sizes=\"auto, (max-width: 1024px) 100vw, 1024px\" \/><\/figure><\/li><li class=\"blocks-gallery-item\"><figure><img loading=\"lazy\" decoding=\"async\" width=\"1024\" height=\"576\" src=\"https:\/\/lasenia.cat\/web\/wp-content\/uploads\/2021\/10\/20211002_092215-1024x576.jpg\" alt=\"\" data-id=\"1595\" data-full-url=\"https:\/\/lasenia.cat\/web\/wp-content\/uploads\/2021\/10\/20211002_092215-scaled.jpg\" data-link=\"https:\/\/lasenia.cat\/web\/?attachment_id=1595\" class=\"wp-image-1595\" srcset=\"https:\/\/lasenia.cat\/web\/wp-content\/uploads\/2021\/10\/20211002_092215-1024x576.jpg 1024w, https:\/\/lasenia.cat\/web\/wp-content\/uploads\/2021\/10\/20211002_092215-300x169.jpg 300w, https:\/\/lasenia.cat\/web\/wp-content\/uploads\/2021\/10\/20211002_092215-768x432.jpg 768w, https:\/\/lasenia.cat\/web\/wp-content\/uploads\/2021\/10\/20211002_092215-1536x864.jpg 1536w, https:\/\/lasenia.cat\/web\/wp-content\/uploads\/2021\/10\/20211002_092215-2048x1152.jpg 2048w\" sizes=\"auto, (max-width: 1024px) 100vw, 1024px\" \/><\/figure><\/li><li class=\"blocks-gallery-item\"><figure><img loading=\"lazy\" decoding=\"async\" width=\"1024\" height=\"768\" src=\"https:\/\/lasenia.cat\/web\/wp-content\/uploads\/2021\/10\/IMG-20200202-WA0042-1024x768.jpg\" alt=\"Tupolev al Camp d'Aviaci\u00f3 de la S\u00e9nia\" data-id=\"1593\" data-full-url=\"https:\/\/lasenia.cat\/web\/wp-content\/uploads\/2021\/10\/IMG-20200202-WA0042.jpg\" data-link=\"https:\/\/lasenia.cat\/web\/?attachment_id=1593\" class=\"wp-image-1593\" srcset=\"https:\/\/lasenia.cat\/web\/wp-content\/uploads\/2021\/10\/IMG-20200202-WA0042-1024x768.jpg 1024w, https:\/\/lasenia.cat\/web\/wp-content\/uploads\/2021\/10\/IMG-20200202-WA0042-300x225.jpg 300w, https:\/\/lasenia.cat\/web\/wp-content\/uploads\/2021\/10\/IMG-20200202-WA0042-768x576.jpg 768w, https:\/\/lasenia.cat\/web\/wp-content\/uploads\/2021\/10\/IMG-20200202-WA0042-1536x1152.jpg 1536w, https:\/\/lasenia.cat\/web\/wp-content\/uploads\/2021\/10\/IMG-20200202-WA0042.jpg 1600w\" sizes=\"auto, (max-width: 1024px) 100vw, 1024px\" \/><\/figure><\/li><li class=\"blocks-gallery-item\"><figure><img loading=\"lazy\" decoding=\"async\" width=\"1024\" height=\"768\" src=\"https:\/\/lasenia.cat\/web\/wp-content\/uploads\/2021\/10\/IMG-20200202-WA0046-1024x768.jpg\" alt=\"Tupolev al Camp d'Aviaci\u00f3 de la S\u00e9nia\" data-id=\"1591\" data-full-url=\"https:\/\/lasenia.cat\/web\/wp-content\/uploads\/2021\/10\/IMG-20200202-WA0046.jpg\" data-link=\"https:\/\/lasenia.cat\/web\/?attachment_id=1591\" class=\"wp-image-1591\" srcset=\"https:\/\/lasenia.cat\/web\/wp-content\/uploads\/2021\/10\/IMG-20200202-WA0046-1024x768.jpg 1024w, https:\/\/lasenia.cat\/web\/wp-content\/uploads\/2021\/10\/IMG-20200202-WA0046-300x225.jpg 300w, https:\/\/lasenia.cat\/web\/wp-content\/uploads\/2021\/10\/IMG-20200202-WA0046-768x576.jpg 768w, https:\/\/lasenia.cat\/web\/wp-content\/uploads\/2021\/10\/IMG-20200202-WA0046-1536x1152.jpg 1536w, https:\/\/lasenia.cat\/web\/wp-content\/uploads\/2021\/10\/IMG-20200202-WA0046.jpg 1600w\" sizes=\"auto, (max-width: 1024px) 100vw, 1024px\" \/><\/figure><\/li><li class=\"blocks-gallery-item\"><figure><img loading=\"lazy\" decoding=\"async\" width=\"1024\" height=\"768\" src=\"https:\/\/lasenia.cat\/web\/wp-content\/uploads\/2021\/10\/IMG-20200202-WA0045-1024x768.jpg\" alt=\"Tupolev al Camp d'Aviaci\u00f3 de la S\u00e9nia\" data-id=\"1589\" data-full-url=\"https:\/\/lasenia.cat\/web\/wp-content\/uploads\/2021\/10\/IMG-20200202-WA0045.jpg\" data-link=\"https:\/\/lasenia.cat\/web\/?attachment_id=1589\" class=\"wp-image-1589\" srcset=\"https:\/\/lasenia.cat\/web\/wp-content\/uploads\/2021\/10\/IMG-20200202-WA0045-1024x768.jpg 1024w, https:\/\/lasenia.cat\/web\/wp-content\/uploads\/2021\/10\/IMG-20200202-WA0045-300x225.jpg 300w, https:\/\/lasenia.cat\/web\/wp-content\/uploads\/2021\/10\/IMG-20200202-WA0045-768x576.jpg 768w, https:\/\/lasenia.cat\/web\/wp-content\/uploads\/2021\/10\/IMG-20200202-WA0045-1536x1152.jpg 1536w, https:\/\/lasenia.cat\/web\/wp-content\/uploads\/2021\/10\/IMG-20200202-WA0045.jpg 1600w\" sizes=\"auto, (max-width: 1024px) 100vw, 1024px\" \/><\/figure><\/li><li class=\"blocks-gallery-item\"><figure><img loading=\"lazy\" decoding=\"async\" width=\"1024\" height=\"768\" src=\"https:\/\/lasenia.cat\/web\/wp-content\/uploads\/2021\/10\/IMG-20200202-WA0048-1024x768.jpg\" alt=\"Tupolev al Camp d'Aviaci\u00f3 de la S\u00e9nia\" data-id=\"1588\" data-full-url=\"https:\/\/lasenia.cat\/web\/wp-content\/uploads\/2021\/10\/IMG-20200202-WA0048.jpg\" data-link=\"https:\/\/lasenia.cat\/web\/?attachment_id=1588\" class=\"wp-image-1588\" srcset=\"https:\/\/lasenia.cat\/web\/wp-content\/uploads\/2021\/10\/IMG-20200202-WA0048-1024x768.jpg 1024w, https:\/\/lasenia.cat\/web\/wp-content\/uploads\/2021\/10\/IMG-20200202-WA0048-300x225.jpg 300w, https:\/\/lasenia.cat\/web\/wp-content\/uploads\/2021\/10\/IMG-20200202-WA0048-768x576.jpg 768w, https:\/\/lasenia.cat\/web\/wp-content\/uploads\/2021\/10\/IMG-20200202-WA0048-1536x1152.jpg 1536w, https:\/\/lasenia.cat\/web\/wp-content\/uploads\/2021\/10\/IMG-20200202-WA0048.jpg 1600w\" sizes=\"auto, (max-width: 1024px) 100vw, 1024px\" \/><\/figure><\/li><li class=\"blocks-gallery-item\"><figure><img loading=\"lazy\" decoding=\"async\" width=\"1024\" height=\"768\" src=\"https:\/\/lasenia.cat\/web\/wp-content\/uploads\/2021\/10\/IMG-20200202-WA0047-1024x768.jpg\" alt=\"Tupolev al Camp d'Aviaci\u00f3 de la S\u00e9nia\" data-id=\"1587\" data-full-url=\"https:\/\/lasenia.cat\/web\/wp-content\/uploads\/2021\/10\/IMG-20200202-WA0047.jpg\" data-link=\"https:\/\/lasenia.cat\/web\/?attachment_id=1587\" class=\"wp-image-1587\" srcset=\"https:\/\/lasenia.cat\/web\/wp-content\/uploads\/2021\/10\/IMG-20200202-WA0047-1024x768.jpg 1024w, https:\/\/lasenia.cat\/web\/wp-content\/uploads\/2021\/10\/IMG-20200202-WA0047-300x225.jpg 300w, https:\/\/lasenia.cat\/web\/wp-content\/uploads\/2021\/10\/IMG-20200202-WA0047-768x576.jpg 768w, https:\/\/lasenia.cat\/web\/wp-content\/uploads\/2021\/10\/IMG-20200202-WA0047-1536x1152.jpg 1536w, https:\/\/lasenia.cat\/web\/wp-content\/uploads\/2021\/10\/IMG-20200202-WA0047.jpg 1600w\" sizes=\"auto, (max-width: 1024px) 100vw, 1024px\" \/><\/figure><\/li><\/ul><\/figure>\n<\/div>\n<\/div>\n<\/div>\n\n\n\n<p><\/p>\n<\/div>\n<\/div>\n","protected":false},"excerpt":{"rendered":"<p>Camp d&#8217;aviaci\u00f3 de la S\u00e9nia &#8211; Centre d&#8217;Aviaci\u00f3 Hist\u00f2rica de la S\u00e9nia.<\/p>\n","protected":false},"author":1,"featured_media":0,"parent":0,"menu_order":0,"comment_status":"closed","ping_status":"closed","template":"","meta":{"colormag_page_container_layout":"default_layout","colormag_page_sidebar_layout":"default_layout","footnotes":""},"class_list":["post-1586","page","type-page","status-publish","hentry"],"_links":{"self":[{"href":"https:\/\/lasenia.cat\/web\/wp-json\/wp\/v2\/pages\/1586","targetHints":{"allow":["GET"]}}],"collection":[{"href":"https:\/\/lasenia.cat\/web\/wp-json\/wp\/v2\/pages"}],"about":[{"href":"https:\/\/lasenia.cat\/web\/wp-json\/wp\/v2\/types\/page"}],"author":[{"embeddable":true,"href":"https:\/\/lasenia.cat\/web\/wp-json\/wp\/v2\/users\/1"}],"replies":[{"embeddable":true,"href":"https:\/\/lasenia.cat\/web\/wp-json\/wp\/v2\/comments?post=1586"}],"version-history":[{"count":1,"href":"https:\/\/lasenia.cat\/web\/wp-json\/wp\/v2\/pages\/1586\/revisions"}],"predecessor-version":[{"id":1601,"href":"https:\/\/lasenia.cat\/web\/wp-json\/wp\/v2\/pages\/1586\/revisions\/1601"}],"wp:attachment":[{"href":"https:\/\/lasenia.cat\/web\/wp-json\/wp\/v2\/media?parent=1586"}],"curies":[{"name":"wp","href":"https:\/\/api.w.org\/{rel}","templated":true}]}}